{"id":4768,"date":"2023-05-29T20:51:23","date_gmt":"2023-05-29T18:51:23","guid":{"rendered":"https:\/\/www.jaapvanderwal.fr\/declaration-de-confidentialite\/"},"modified":"2023-05-29T21:00:17","modified_gmt":"2023-05-29T19:00:17","slug":"declaration-de-confidentialite","status":"publish","type":"page","link":"https:\/\/www.jaapvanderwal.fr\/fr\/declaration-de-confidentialite\/","title":{"rendered":"D\u00e9claration de confidentialit\u00e9"},"content":{"rendered":"\t\t<div data-elementor-type=\"wp-page\" data-elementor-id=\"4768\" class=\"elementor elementor-4768 elementor-4750\">\n\t\t\t\t\t\t<section class=\"elementor-section elementor-top-section elementor-element elementor-element-6aa130a elementor-section-boxed elementor-section-height-default elementor-section-height-default\" data-id=\"6aa130a\" data-element_type=\"section\" data-e-type=\"section\">\n\t\t\t\t\t\t<div class=\"elementor-container elementor-column-gap-default\">\n\t\t\t\t\t<div class=\"elementor-column elementor-col-100 elementor-top-column elementor-element elementor-element-547e84f\" data-id=\"547e84f\" data-element_type=\"column\" data-e-type=\"column\">\n\t\t\t<div class=\"elementor-widget-wrap elementor-element-populated\">\n\t\t\t\t\t\t<div class=\"elementor-element elementor-element-51340fb elementor-widget elementor-widget-spacer\" data-id=\"51340fb\" data-element_type=\"widget\" data-e-type=\"widget\" data-widget_type=\"spacer.default\">\n\t\t\t\t<div class=\"elementor-widget-container\">\n\t\t\t\t\t\t\t<div class=\"elementor-spacer\">\n\t\t\t<div class=\"elementor-spacer-inner\"><\/div>\n\t\t<\/div>\n\t\t\t\t\t\t<\/div>\n\t\t\t\t<\/div>\n\t\t\t\t<div class=\"elementor-element elementor-element-148ab31 elementor-widget elementor-widget-heading\" data-id=\"148ab31\" data-element_type=\"widget\" data-e-type=\"widget\" data-widget_type=\"heading.default\">\n\t\t\t\t<div class=\"elementor-widget-container\">\n\t\t\t\t\t<h2 class=\"elementor-heading-title elementor-size-default\">D\u00e9claration de confidentialit\u00e9<\/h2>\t\t\t\t<\/div>\n\t\t\t\t<\/div>\n\t\t\t\t<div class=\"elementor-element elementor-element-cbe0e55 elementor-widget elementor-widget-text-editor\" data-id=\"cbe0e55\" data-element_type=\"widget\" data-e-type=\"widget\" data-widget_type=\"text-editor.default\">\n\t\t\t\t<div class=\"elementor-widget-container\">\n\t\t\t\t\t\t\t\t\t<div class=\"page\" title=\"Page 1\">\n<div class=\"layoutArea\">\n<div class=\"column\">\n<p>Le site web www.jaapvanderwal.fr<span style=\"font-style: inherit;\"> n&rsquo;utilise que des cookies techniques et fonctionnels et des cookies analytiques qui ne portent pas atteinte \u00e0 votre vie priv\u00e9e<\/span>.<\/p>\n<p>Un cookie est un petit fichier texte qui est stock\u00e9 sur votre ordinateur, tablette ou smartphone lors de votre premi\u00e8re visite sur ce site web. Les cookies que nous utilisons sont n\u00e9cessaires au fonctionnement technique du site web et \u00e0 sa facilit\u00e9 d&rsquo;utilisation. Ils garantissent le bon fonctionnement du site web et, par exemple, se souviennent de vos pr\u00e9f\u00e9rences.  <\/p>\n<p>Cela nous permet \u00e9galement d&rsquo;optimiser notre site web. Vous pouvez refuser les cookies en param\u00e9trant votre navigateur Internet de mani\u00e8re \u00e0 ce qu&rsquo;il ne stocke plus de cookies.  <\/p>\n<p>En outre, vous pouvez \u00e9galement supprimer toutes les informations pr\u00e9c\u00e9demment stock\u00e9es via les param\u00e8tres de votre navigateur.<\/p>\n<\/div>\n<\/div>\n<div class=\"layoutArea\">\n<div class=\"column\">\n<\/div>\n<\/div>\n<\/div>\n<div class=\"page\" title=\"Page 2\">\n<div class=\"layoutArea\">\n<div class=\"column\"> <\/div>\n<\/div>\n<\/div>\n\t\t\t\t\t\t\t\t<\/div>\n\t\t\t\t<\/div>\n\t\t\t\t<div class=\"elementor-element elementor-element-3bee120 elementor-widget elementor-widget-spacer\" data-id=\"3bee120\" data-element_type=\"widget\" data-e-type=\"widget\" data-widget_type=\"spacer.default\">\n\t\t\t\t<div class=\"elementor-widget-container\">\n\t\t\t\t\t\t\t<div class=\"elementor-spacer\">\n\t\t\t<div class=\"elementor-spacer-inner\"><\/div>\n\t\t<\/div>\n\t\t\t\t\t\t<\/div>\n\t\t\t\t<\/div>\n\t\t\t\t\t<\/div>\n\t\t<\/div>\n\t\t\t\t\t<\/div>\n\t\t<\/section>\n\t\t\t\t<\/div>\n\t\t","protected":false},"excerpt":{"rendered":"<p>D\u00e9claration de confidentialit\u00e9 Le site web www.jaapvanderwal.fr n&rsquo;utilise que des cookies techniques et fonctionnels et des cookies analytiques qui ne portent pas atteinte \u00e0 votre vie priv\u00e9e. Un cookie est un petit fichier texte qui est stock\u00e9 sur votre ordinateur, tablette ou smartphone lors de votre premi\u00e8re visite sur ce site web. Les cookies que [&hellip;]<\/p>\n","protected":false},"author":1,"featured_media":0,"parent":0,"menu_order":0,"comment_status":"closed","ping_status":"closed","template":"","meta":{"site-sidebar-layout":"no-sidebar","site-content-layout":"page-builder","ast-site-content-layout":"default","site-content-style":"default","site-sidebar-style":"default","ast-global-header-display":"","ast-banner-title-visibility":"","ast-main-header-display":"","ast-hfb-above-header-display":"","ast-hfb-below-header-display":"","ast-hfb-mobile-header-display":"","site-post-title":"disabled","ast-breadcrumbs-content":"","ast-featured-img":"disabled","footer-sml-layout":"","ast-disable-related-posts":"","theme-transparent-header-meta":"","adv-header-id-meta":"","stick-header-meta":"","header-above-stick-meta":"","header-main-stick-meta":"","header-below-stick-meta":"","astra-migrate-meta-layouts":"default","ast-page-background-enabled":"default","ast-page-background-meta":{"desktop":{"background-color":"var(--ast-global-color-4)","background-image":"","background-repeat":"repeat","background-position":"center center","background-size":"auto","background-attachment":"scroll","background-type":"","background-media":"","overlay-type":"","overlay-color":"","overlay-opacity":"","overlay-gradient":""},"tablet":{"background-color":"","background-image":"","background-repeat":"repeat","background-position":"center center","background-size":"auto","background-attachment":"scroll","background-type":"","background-media":"","overlay-type":"","overlay-color":"","overlay-opacity":"","overlay-gradient":""},"mobile":{"background-color":"","background-image":"","background-repeat":"repeat","background-position":"center center","background-size":"auto","background-attachment":"scroll","background-type":"","background-media":"","overlay-type":"","overlay-color":"","overlay-opacity":"","overlay-gradient":""}},"ast-content-background-meta":{"desktop":{"background-color":"var(--ast-global-color-5)","background-image":"","background-repeat":"repeat","background-position":"center center","background-size":"auto","background-attachment":"scroll","background-type":"","background-media":"","overlay-type":"","overlay-color":"","overlay-opacity":"","overlay-gradient":""},"tablet":{"background-color":"var(--ast-global-color-5)","background-image":"","background-repeat":"repeat","background-position":"center center","background-size":"auto","background-attachment":"scroll","background-type":"","background-media":"","overlay-type":"","overlay-color":"","overlay-opacity":"","overlay-gradient":""},"mobile":{"background-color":"var(--ast-global-color-5)","background-image":"","background-repeat":"repeat","background-position":"center center","background-size":"auto","background-attachment":"scroll","background-type":"","background-media":"","overlay-type":"","overlay-color":"","overlay-opacity":"","overlay-gradient":""}},"footnotes":""},"class_list":["post-4768","page","type-page","status-publish","hentry"],"yoast_head":"<!-- This site is optimized with the Yoast SEO plugin v27.5 - https:\/\/yoast.com\/product\/yoast-seo-wordpress\/ -->\n<title>D\u00e9claration de confidentialit\u00e9 - Jaap van der Wal<\/title>\n<meta name=\"robots\" content=\"index, follow, max-snippet:-1, max-image-preview:large, max-video-preview:-1\" \/>\n<link rel=\"canonical\" href=\"https:\/\/www.jaapvanderwal.fr\/fr\/declaration-de-confidentialite\/\" \/>\n<meta property=\"og:locale\" content=\"fr_FR\" \/>\n<meta property=\"og:type\" content=\"article\" \/>\n<meta property=\"og:title\" content=\"D\u00e9claration de confidentialit\u00e9 - Jaap van der Wal\" \/>\n<meta property=\"og:description\" content=\"D\u00e9claration de confidentialit\u00e9 Le site web www.jaapvanderwal.fr n&rsquo;utilise que des cookies techniques et fonctionnels et des cookies analytiques qui ne portent pas atteinte \u00e0 votre vie priv\u00e9e. Un cookie est un petit fichier texte qui est stock\u00e9 sur votre ordinateur, tablette ou smartphone lors de votre premi\u00e8re visite sur ce site web. Les cookies que [&hellip;]\" \/>\n<meta property=\"og:url\" content=\"https:\/\/www.jaapvanderwal.fr\/fr\/declaration-de-confidentialite\/\" \/>\n<meta property=\"og:site_name\" content=\"Jaap van der Wal\" \/>\n<meta property=\"article:modified_time\" content=\"2023-05-29T19:00:17+00:00\" \/>\n<meta name=\"twitter:card\" content=\"summary_large_image\" \/>\n<meta name=\"twitter:label1\" content=\"Dur\u00e9e de lecture estim\u00e9e\" \/>\n\t<meta name=\"twitter:data1\" content=\"1 minute\" \/>\n<script type=\"application\/ld+json\" class=\"yoast-schema-graph\">{\"@context\":\"https:\\\/\\\/schema.org\",\"@graph\":[{\"@type\":\"WebPage\",\"@id\":\"https:\\\/\\\/www.jaapvanderwal.fr\\\/fr\\\/declaration-de-confidentialite\\\/\",\"url\":\"https:\\\/\\\/www.jaapvanderwal.fr\\\/fr\\\/declaration-de-confidentialite\\\/\",\"name\":\"D\u00e9claration de confidentialit\u00e9 - Jaap van der Wal\",\"isPartOf\":{\"@id\":\"https:\\\/\\\/www.jaapvanderwal.fr\\\/fr\\\/#website\"},\"datePublished\":\"2023-05-29T18:51:23+00:00\",\"dateModified\":\"2023-05-29T19:00:17+00:00\",\"breadcrumb\":{\"@id\":\"https:\\\/\\\/www.jaapvanderwal.fr\\\/fr\\\/declaration-de-confidentialite\\\/#breadcrumb\"},\"inLanguage\":\"fr-FR\",\"potentialAction\":[{\"@type\":\"ReadAction\",\"target\":[\"https:\\\/\\\/www.jaapvanderwal.fr\\\/fr\\\/declaration-de-confidentialite\\\/\"]}]},{\"@type\":\"BreadcrumbList\",\"@id\":\"https:\\\/\\\/www.jaapvanderwal.fr\\\/fr\\\/declaration-de-confidentialite\\\/#breadcrumb\",\"itemListElement\":[{\"@type\":\"ListItem\",\"position\":1,\"name\":\"Home\",\"item\":\"https:\\\/\\\/www.jaapvanderwal.fr\\\/fr\\\/accueil\\\/\"},{\"@type\":\"ListItem\",\"position\":2,\"name\":\"D\u00e9claration de confidentialit\u00e9\"}]},{\"@type\":\"WebSite\",\"@id\":\"https:\\\/\\\/www.jaapvanderwal.fr\\\/fr\\\/#website\",\"url\":\"https:\\\/\\\/www.jaapvanderwal.fr\\\/fr\\\/\",\"name\":\"Jaap van der Wal\",\"description\":\"Beeldend kunstenaar\",\"potentialAction\":[{\"@type\":\"SearchAction\",\"target\":{\"@type\":\"EntryPoint\",\"urlTemplate\":\"https:\\\/\\\/www.jaapvanderwal.fr\\\/fr\\\/?s={search_term_string}\"},\"query-input\":{\"@type\":\"PropertyValueSpecification\",\"valueRequired\":true,\"valueName\":\"search_term_string\"}}],\"inLanguage\":\"fr-FR\"}]}<\/script>\n<!-- \/ Yoast SEO plugin. -->","yoast_head_json":{"title":"D\u00e9claration de confidentialit\u00e9 - Jaap van der Wal","robots":{"index":"index","follow":"follow","max-snippet":"max-snippet:-1","max-image-preview":"max-image-preview:large","max-video-preview":"max-video-preview:-1"},"canonical":"https:\/\/www.jaapvanderwal.fr\/fr\/declaration-de-confidentialite\/","og_locale":"fr_FR","og_type":"article","og_title":"D\u00e9claration de confidentialit\u00e9 - Jaap van der Wal","og_description":"D\u00e9claration de confidentialit\u00e9 Le site web www.jaapvanderwal.fr n&rsquo;utilise que des cookies techniques et fonctionnels et des cookies analytiques qui ne portent pas atteinte \u00e0 votre vie priv\u00e9e. Un cookie est un petit fichier texte qui est stock\u00e9 sur votre ordinateur, tablette ou smartphone lors de votre premi\u00e8re visite sur ce site web. Les cookies que [&hellip;]","og_url":"https:\/\/www.jaapvanderwal.fr\/fr\/declaration-de-confidentialite\/","og_site_name":"Jaap van der Wal","article_modified_time":"2023-05-29T19:00:17+00:00","twitter_card":"summary_large_image","twitter_misc":{"Dur\u00e9e de lecture estim\u00e9e":"1 minute"},"schema":{"@context":"https:\/\/schema.org","@graph":[{"@type":"WebPage","@id":"https:\/\/www.jaapvanderwal.fr\/fr\/declaration-de-confidentialite\/","url":"https:\/\/www.jaapvanderwal.fr\/fr\/declaration-de-confidentialite\/","name":"D\u00e9claration de confidentialit\u00e9 - Jaap van der Wal","isPartOf":{"@id":"https:\/\/www.jaapvanderwal.fr\/fr\/#website"},"datePublished":"2023-05-29T18:51:23+00:00","dateModified":"2023-05-29T19:00:17+00:00","breadcrumb":{"@id":"https:\/\/www.jaapvanderwal.fr\/fr\/declaration-de-confidentialite\/#breadcrumb"},"inLanguage":"fr-FR","potentialAction":[{"@type":"ReadAction","target":["https:\/\/www.jaapvanderwal.fr\/fr\/declaration-de-confidentialite\/"]}]},{"@type":"BreadcrumbList","@id":"https:\/\/www.jaapvanderwal.fr\/fr\/declaration-de-confidentialite\/#breadcrumb","itemListElement":[{"@type":"ListItem","position":1,"name":"Home","item":"https:\/\/www.jaapvanderwal.fr\/fr\/accueil\/"},{"@type":"ListItem","position":2,"name":"D\u00e9claration de confidentialit\u00e9"}]},{"@type":"WebSite","@id":"https:\/\/www.jaapvanderwal.fr\/fr\/#website","url":"https:\/\/www.jaapvanderwal.fr\/fr\/","name":"Jaap van der Wal","description":"Beeldend kunstenaar","potentialAction":[{"@type":"SearchAction","target":{"@type":"EntryPoint","urlTemplate":"https:\/\/www.jaapvanderwal.fr\/fr\/?s={search_term_string}"},"query-input":{"@type":"PropertyValueSpecification","valueRequired":true,"valueName":"search_term_string"}}],"inLanguage":"fr-FR"}]}},"_links":{"self":[{"href":"https:\/\/www.jaapvanderwal.fr\/fr\/wp-json\/wp\/v2\/pages\/4768","targetHints":{"allow":["GET"]}}],"collection":[{"href":"https:\/\/www.jaapvanderwal.fr\/fr\/wp-json\/wp\/v2\/pages"}],"about":[{"href":"https:\/\/www.jaapvanderwal.fr\/fr\/wp-json\/wp\/v2\/types\/page"}],"author":[{"embeddable":true,"href":"https:\/\/www.jaapvanderwal.fr\/fr\/wp-json\/wp\/v2\/users\/1"}],"replies":[{"embeddable":true,"href":"https:\/\/www.jaapvanderwal.fr\/fr\/wp-json\/wp\/v2\/comments?post=4768"}],"version-history":[{"count":0,"href":"https:\/\/www.jaapvanderwal.fr\/fr\/wp-json\/wp\/v2\/pages\/4768\/revisions"}],"wp:attachment":[{"href":"https:\/\/www.jaapvanderwal.fr\/fr\/wp-json\/wp\/v2\/media?parent=4768"}],"curies":[{"name":"wp","href":"https:\/\/api.w.org\/{rel}","templated":true}]}}