{"id":4732,"date":"2023-05-29T20:14:18","date_gmt":"2023-05-29T18:14:18","guid":{"rendered":"https:\/\/www.jaapvanderwal.fr\/clause-de-non-responsabilite\/"},"modified":"2023-05-29T20:42:37","modified_gmt":"2023-05-29T18:42:37","slug":"clause-de-non-responsabilite","status":"publish","type":"page","link":"https:\/\/www.jaapvanderwal.fr\/fr\/clause-de-non-responsabilite\/","title":{"rendered":"Conditions g\u00e9n\u00e9rales d\u2019Utilisation"},"content":{"rendered":"\t\t<div data-elementor-type=\"wp-page\" data-elementor-id=\"4732\" class=\"elementor elementor-4732 elementor-4710\">\n\t\t\t\t\t\t<section class=\"elementor-section elementor-top-section elementor-element elementor-element-c80d4d4 elementor-section-boxed elementor-section-height-default elementor-section-height-default\" data-id=\"c80d4d4\" data-element_type=\"section\" data-e-type=\"section\">\n\t\t\t\t\t\t<div class=\"elementor-container elementor-column-gap-default\">\n\t\t\t\t\t<div class=\"elementor-column elementor-col-100 elementor-top-column elementor-element elementor-element-b747067\" data-id=\"b747067\" data-element_type=\"column\" data-e-type=\"column\">\n\t\t\t<div class=\"elementor-widget-wrap elementor-element-populated\">\n\t\t\t\t\t\t<div class=\"elementor-element elementor-element-6d5f0e4 elementor-widget elementor-widget-spacer\" data-id=\"6d5f0e4\" data-element_type=\"widget\" data-e-type=\"widget\" data-widget_type=\"spacer.default\">\n\t\t\t\t<div class=\"elementor-widget-container\">\n\t\t\t\t\t\t\t<div class=\"elementor-spacer\">\n\t\t\t<div class=\"elementor-spacer-inner\"><\/div>\n\t\t<\/div>\n\t\t\t\t\t\t<\/div>\n\t\t\t\t<\/div>\n\t\t\t\t<div class=\"elementor-element elementor-element-75ae70a elementor-widget elementor-widget-heading\" data-id=\"75ae70a\" data-element_type=\"widget\" data-e-type=\"widget\" data-widget_type=\"heading.default\">\n\t\t\t\t<div class=\"elementor-widget-container\">\n\t\t\t\t\t<h2 class=\"elementor-heading-title elementor-size-default\"><span class=\"elementor-heading-title elementor-size-default elementor-inline-editing pen\" data-elementor-setting-key=\"title\" data-pen-placeholder=\"Hier typen...\" style=\"border: 0px;font-size: 25px;vertical-align: baseline;clear: both;font-family: Roboto, sans-serif\">Conditions g\u00e9n\u00e9rales d\u2019Utilisation<\/span><\/h2>\t\t\t\t<\/div>\n\t\t\t\t<\/div>\n\t\t\t\t<div class=\"elementor-element elementor-element-8c05838 elementor-widget elementor-widget-text-editor\" data-id=\"8c05838\" data-element_type=\"widget\" data-e-type=\"widget\" data-widget_type=\"text-editor.default\">\n\t\t\t\t<div class=\"elementor-widget-container\">\n\t\t\t\t\t\t\t\t\t<p><strong>Avis de conditions g\u00e9n\u00e9rales d\u2019Utilisation pour www.jaapvanderwal.fr<\/strong><\/p>\n<p>Cette page contient l&rsquo;avis conditions g\u00e9n\u00e9rales d\u2019Utilisation de www.jaapvanderwal.fr, tel qu&rsquo;il a \u00e9t\u00e9 mis \u00e0 disposition par Jaap van der Wal. Dans cette conditions g\u00e9n\u00e9rales d\u2019utilisation, nous indiquons les conditions dans lesquelles nous vous fournissons les informations sur notre site web.<\/p>\n<p><strong>Propri\u00e9t\u00e9 intellectuelle  <\/strong><\/p>\n<p>L&rsquo;utilisation des informations contenues dans ce site est gratuite tant que vous ne les copiez pas, ne les distribuez pas et n&rsquo;en faites pas un usage abusif. Vous ne pouvez r\u00e9utiliser les informations contenues dans ce site web qu&rsquo;en conformit\u00e9 avec les dispositions du droit imp\u00e9ratif.<\/p>\n<p>Sans l&rsquo;autorisation \u00e9crite expresse de Jaap van der Wal, il n&rsquo;est pas permis de r\u00e9utiliser des textes, des photos ou d&rsquo;autres \u00e9l\u00e9ments de ce site web. La propri\u00e9t\u00e9 intellectuelle appartient \u00e0 Jaap van der Wal.<\/p>\n<p><strong>Aucune garantie d&rsquo;exactitude<\/strong><\/p>\n<p>En ce qui concerne les informations contenues sur notre site web, nous nous effor\u00e7ons de refl\u00e9ter la r\u00e9alit\u00e9 le plus fid\u00e8lement possible. Les erreurs survenant \u00e0 cet \u00e9gard et reconnaissables comme des erreurs de programmation ou de frappe ne constituent jamais une raison de r\u00e9clamer ou de supposer un contrat ou un accord avec Jaap van der Wal.<\/p>\n<p>Jaap van der Wal s&rsquo;efforce de maintenir son site Internet aussi \u00e0 jour que possible. Si, en d\u00e9pit de ces efforts, les informations ou le contenu de ce site web \u00e9taient incomplets et\/ou incorrects, nous ne pourrions en \u00eatre tenus responsables.<\/p>\n<p>Pour toute question ou information compl\u00e9mentaire, contactez-nous \u00e0 l&rsquo;adresse suivante : info@artetcreation.nl<\/p>\n\t\t\t\t\t\t\t\t<\/div>\n\t\t\t\t<\/div>\n\t\t\t\t<div class=\"elementor-element elementor-element-c14fcd4 elementor-widget elementor-widget-spacer\" data-id=\"c14fcd4\" data-element_type=\"widget\" data-e-type=\"widget\" data-widget_type=\"spacer.default\">\n\t\t\t\t<div class=\"elementor-widget-container\">\n\t\t\t\t\t\t\t<div class=\"elementor-spacer\">\n\t\t\t<div class=\"elementor-spacer-inner\"><\/div>\n\t\t<\/div>\n\t\t\t\t\t\t<\/div>\n\t\t\t\t<\/div>\n\t\t\t\t\t<\/div>\n\t\t<\/div>\n\t\t\t\t\t<\/div>\n\t\t<\/section>\n\t\t\t\t<\/div>\n\t\t","protected":false},"excerpt":{"rendered":"<p>Conditions g\u00e9n\u00e9rales d\u2019Utilisation Avis de conditions g\u00e9n\u00e9rales d\u2019Utilisation pour www.jaapvanderwal.fr Cette page contient l&rsquo;avis conditions g\u00e9n\u00e9rales d\u2019Utilisation de www.jaapvanderwal.fr, tel qu&rsquo;il a \u00e9t\u00e9 mis \u00e0 disposition par Jaap van der Wal. Dans cette conditions g\u00e9n\u00e9rales d\u2019utilisation, nous indiquons les conditions dans lesquelles nous vous fournissons les informations sur notre site web. Propri\u00e9t\u00e9 intellectuelle L&rsquo;utilisation des [&hellip;]<\/p>\n","protected":false},"author":1,"featured_media":0,"parent":0,"menu_order":0,"comment_status":"closed","ping_status":"closed","template":"","meta":{"site-sidebar-layout":"no-sidebar","site-content-layout":"page-builder","ast-site-content-layout":"default","site-content-style":"default","site-sidebar-style":"default","ast-global-header-display":"","ast-banner-title-visibility":"","ast-main-header-display":"","ast-hfb-above-header-display":"","ast-hfb-below-header-display":"","ast-hfb-mobile-header-display":"","site-post-title":"disabled","ast-breadcrumbs-content":"","ast-featured-img":"disabled","footer-sml-layout":"","ast-disable-related-posts":"","theme-transparent-header-meta":"","adv-header-id-meta":"","stick-header-meta":"","header-above-stick-meta":"","header-main-stick-meta":"","header-below-stick-meta":"","astra-migrate-meta-layouts":"default","ast-page-background-enabled":"default","ast-page-background-meta":{"desktop":{"background-color":"var(--ast-global-color-4)","background-image":"","background-repeat":"repeat","background-position":"center center","background-size":"auto","background-attachment":"scroll","background-type":"","background-media":"","overlay-type":"","overlay-color":"","overlay-opacity":"","overlay-gradient":""},"tablet":{"background-color":"","background-image":"","background-repeat":"repeat","background-position":"center center","background-size":"auto","background-attachment":"scroll","background-type":"","background-media":"","overlay-type":"","overlay-color":"","overlay-opacity":"","overlay-gradient":""},"mobile":{"background-color":"","background-image":"","background-repeat":"repeat","background-position":"center center","background-size":"auto","background-attachment":"scroll","background-type":"","background-media":"","overlay-type":"","overlay-color":"","overlay-opacity":"","overlay-gradient":""}},"ast-content-background-meta":{"desktop":{"background-color":"var(--ast-global-color-5)","background-image":"","background-repeat":"repeat","background-position":"center center","background-size":"auto","background-attachment":"scroll","background-type":"","background-media":"","overlay-type":"","overlay-color":"","overlay-opacity":"","overlay-gradient":""},"tablet":{"background-color":"var(--ast-global-color-5)","background-image":"","background-repeat":"repeat","background-position":"center center","background-size":"auto","background-attachment":"scroll","background-type":"","background-media":"","overlay-type":"","overlay-color":"","overlay-opacity":"","overlay-gradient":""},"mobile":{"background-color":"var(--ast-global-color-5)","background-image":"","background-repeat":"repeat","background-position":"center center","background-size":"auto","background-attachment":"scroll","background-type":"","background-media":"","overlay-type":"","overlay-color":"","overlay-opacity":"","overlay-gradient":""}},"footnotes":""},"class_list":["post-4732","page","type-page","status-publish","hentry"],"yoast_head":"<!-- This site is optimized with the Yoast SEO plugin v27.4 - https:\/\/yoast.com\/product\/yoast-seo-wordpress\/ -->\n<title>Conditions g\u00e9n\u00e9rales d\u2019Utilisation - Jaap van der Wal<\/title>\n<meta name=\"robots\" content=\"index, follow, max-snippet:-1, max-image-preview:large, max-video-preview:-1\" \/>\n<link rel=\"canonical\" href=\"https:\/\/www.jaapvanderwal.fr\/fr\/clause-de-non-responsabilite\/\" \/>\n<meta property=\"og:locale\" content=\"fr_FR\" \/>\n<meta property=\"og:type\" content=\"article\" \/>\n<meta property=\"og:title\" content=\"Conditions g\u00e9n\u00e9rales d\u2019Utilisation - Jaap van der Wal\" \/>\n<meta property=\"og:description\" content=\"Conditions g\u00e9n\u00e9rales d\u2019Utilisation Avis de conditions g\u00e9n\u00e9rales d\u2019Utilisation pour www.jaapvanderwal.fr Cette page contient l&rsquo;avis conditions g\u00e9n\u00e9rales d\u2019Utilisation de www.jaapvanderwal.fr, tel qu&rsquo;il a \u00e9t\u00e9 mis \u00e0 disposition par Jaap van der Wal. Dans cette conditions g\u00e9n\u00e9rales d\u2019utilisation, nous indiquons les conditions dans lesquelles nous vous fournissons les informations sur notre site web. Propri\u00e9t\u00e9 intellectuelle L&rsquo;utilisation des [&hellip;]\" \/>\n<meta property=\"og:url\" content=\"https:\/\/www.jaapvanderwal.fr\/fr\/clause-de-non-responsabilite\/\" \/>\n<meta property=\"og:site_name\" content=\"Jaap van der Wal\" \/>\n<meta property=\"article:modified_time\" content=\"2023-05-29T18:42:37+00:00\" \/>\n<meta name=\"twitter:card\" content=\"summary_large_image\" \/>\n<meta name=\"twitter:label1\" content=\"Dur\u00e9e de lecture estim\u00e9e\" \/>\n\t<meta name=\"twitter:data1\" content=\"1 minute\" \/>\n<script type=\"application\/ld+json\" class=\"yoast-schema-graph\">{\"@context\":\"https:\\\/\\\/schema.org\",\"@graph\":[{\"@type\":\"WebPage\",\"@id\":\"https:\\\/\\\/www.jaapvanderwal.fr\\\/fr\\\/clause-de-non-responsabilite\\\/\",\"url\":\"https:\\\/\\\/www.jaapvanderwal.fr\\\/fr\\\/clause-de-non-responsabilite\\\/\",\"name\":\"Conditions g\u00e9n\u00e9rales d\u2019Utilisation - Jaap van der Wal\",\"isPartOf\":{\"@id\":\"https:\\\/\\\/www.jaapvanderwal.fr\\\/fr\\\/#website\"},\"datePublished\":\"2023-05-29T18:14:18+00:00\",\"dateModified\":\"2023-05-29T18:42:37+00:00\",\"breadcrumb\":{\"@id\":\"https:\\\/\\\/www.jaapvanderwal.fr\\\/fr\\\/clause-de-non-responsabilite\\\/#breadcrumb\"},\"inLanguage\":\"fr-FR\",\"potentialAction\":[{\"@type\":\"ReadAction\",\"target\":[\"https:\\\/\\\/www.jaapvanderwal.fr\\\/fr\\\/clause-de-non-responsabilite\\\/\"]}]},{\"@type\":\"BreadcrumbList\",\"@id\":\"https:\\\/\\\/www.jaapvanderwal.fr\\\/fr\\\/clause-de-non-responsabilite\\\/#breadcrumb\",\"itemListElement\":[{\"@type\":\"ListItem\",\"position\":1,\"name\":\"Home\",\"item\":\"https:\\\/\\\/www.jaapvanderwal.fr\\\/fr\\\/accueil\\\/\"},{\"@type\":\"ListItem\",\"position\":2,\"name\":\"Conditions g\u00e9n\u00e9rales d\u2019Utilisation\"}]},{\"@type\":\"WebSite\",\"@id\":\"https:\\\/\\\/www.jaapvanderwal.fr\\\/fr\\\/#website\",\"url\":\"https:\\\/\\\/www.jaapvanderwal.fr\\\/fr\\\/\",\"name\":\"Jaap van der Wal\",\"description\":\"Beeldend kunstenaar\",\"potentialAction\":[{\"@type\":\"SearchAction\",\"target\":{\"@type\":\"EntryPoint\",\"urlTemplate\":\"https:\\\/\\\/www.jaapvanderwal.fr\\\/fr\\\/?s={search_term_string}\"},\"query-input\":{\"@type\":\"PropertyValueSpecification\",\"valueRequired\":true,\"valueName\":\"search_term_string\"}}],\"inLanguage\":\"fr-FR\"}]}<\/script>\n<!-- \/ Yoast SEO plugin. -->","yoast_head_json":{"title":"Conditions g\u00e9n\u00e9rales d\u2019Utilisation - Jaap van der Wal","robots":{"index":"index","follow":"follow","max-snippet":"max-snippet:-1","max-image-preview":"max-image-preview:large","max-video-preview":"max-video-preview:-1"},"canonical":"https:\/\/www.jaapvanderwal.fr\/fr\/clause-de-non-responsabilite\/","og_locale":"fr_FR","og_type":"article","og_title":"Conditions g\u00e9n\u00e9rales d\u2019Utilisation - Jaap van der Wal","og_description":"Conditions g\u00e9n\u00e9rales d\u2019Utilisation Avis de conditions g\u00e9n\u00e9rales d\u2019Utilisation pour www.jaapvanderwal.fr Cette page contient l&rsquo;avis conditions g\u00e9n\u00e9rales d\u2019Utilisation de www.jaapvanderwal.fr, tel qu&rsquo;il a \u00e9t\u00e9 mis \u00e0 disposition par Jaap van der Wal. Dans cette conditions g\u00e9n\u00e9rales d\u2019utilisation, nous indiquons les conditions dans lesquelles nous vous fournissons les informations sur notre site web. Propri\u00e9t\u00e9 intellectuelle L&rsquo;utilisation des [&hellip;]","og_url":"https:\/\/www.jaapvanderwal.fr\/fr\/clause-de-non-responsabilite\/","og_site_name":"Jaap van der Wal","article_modified_time":"2023-05-29T18:42:37+00:00","twitter_card":"summary_large_image","twitter_misc":{"Dur\u00e9e de lecture estim\u00e9e":"1 minute"},"schema":{"@context":"https:\/\/schema.org","@graph":[{"@type":"WebPage","@id":"https:\/\/www.jaapvanderwal.fr\/fr\/clause-de-non-responsabilite\/","url":"https:\/\/www.jaapvanderwal.fr\/fr\/clause-de-non-responsabilite\/","name":"Conditions g\u00e9n\u00e9rales d\u2019Utilisation - Jaap van der Wal","isPartOf":{"@id":"https:\/\/www.jaapvanderwal.fr\/fr\/#website"},"datePublished":"2023-05-29T18:14:18+00:00","dateModified":"2023-05-29T18:42:37+00:00","breadcrumb":{"@id":"https:\/\/www.jaapvanderwal.fr\/fr\/clause-de-non-responsabilite\/#breadcrumb"},"inLanguage":"fr-FR","potentialAction":[{"@type":"ReadAction","target":["https:\/\/www.jaapvanderwal.fr\/fr\/clause-de-non-responsabilite\/"]}]},{"@type":"BreadcrumbList","@id":"https:\/\/www.jaapvanderwal.fr\/fr\/clause-de-non-responsabilite\/#breadcrumb","itemListElement":[{"@type":"ListItem","position":1,"name":"Home","item":"https:\/\/www.jaapvanderwal.fr\/fr\/accueil\/"},{"@type":"ListItem","position":2,"name":"Conditions g\u00e9n\u00e9rales d\u2019Utilisation"}]},{"@type":"WebSite","@id":"https:\/\/www.jaapvanderwal.fr\/fr\/#website","url":"https:\/\/www.jaapvanderwal.fr\/fr\/","name":"Jaap van der Wal","description":"Beeldend kunstenaar","potentialAction":[{"@type":"SearchAction","target":{"@type":"EntryPoint","urlTemplate":"https:\/\/www.jaapvanderwal.fr\/fr\/?s={search_term_string}"},"query-input":{"@type":"PropertyValueSpecification","valueRequired":true,"valueName":"search_term_string"}}],"inLanguage":"fr-FR"}]}},"_links":{"self":[{"href":"https:\/\/www.jaapvanderwal.fr\/fr\/wp-json\/wp\/v2\/pages\/4732","targetHints":{"allow":["GET"]}}],"collection":[{"href":"https:\/\/www.jaapvanderwal.fr\/fr\/wp-json\/wp\/v2\/pages"}],"about":[{"href":"https:\/\/www.jaapvanderwal.fr\/fr\/wp-json\/wp\/v2\/types\/page"}],"author":[{"embeddable":true,"href":"https:\/\/www.jaapvanderwal.fr\/fr\/wp-json\/wp\/v2\/users\/1"}],"replies":[{"embeddable":true,"href":"https:\/\/www.jaapvanderwal.fr\/fr\/wp-json\/wp\/v2\/comments?post=4732"}],"version-history":[{"count":0,"href":"https:\/\/www.jaapvanderwal.fr\/fr\/wp-json\/wp\/v2\/pages\/4732\/revisions"}],"wp:attachment":[{"href":"https:\/\/www.jaapvanderwal.fr\/fr\/wp-json\/wp\/v2\/media?parent=4732"}],"curies":[{"name":"wp","href":"https:\/\/api.w.org\/{rel}","templated":true}]}}