{"id":2993,"date":"2021-11-21T15:12:46","date_gmt":"2021-11-21T14:12:46","guid":{"rendered":"https:\/\/www.jaapvanderwal.fr\/accueil\/"},"modified":"2026-01-27T11:43:20","modified_gmt":"2026-01-27T10:43:20","slug":"accueil","status":"publish","type":"page","link":"https:\/\/www.jaapvanderwal.fr\/fr\/","title":{"rendered":"Accueil"},"content":{"rendered":"\t\t<div data-elementor-type=\"wp-page\" data-elementor-id=\"2993\" class=\"elementor elementor-2993 elementor-11\">\n\t\t\t\t\t\t<section class=\"elementor-section elementor-top-section elementor-element elementor-element-ca7541c elementor-section-height-min-height elementor-section-full_width elementor-section-height-default elementor-section-items-middle\" data-id=\"ca7541c\" data-element_type=\"section\" data-e-type=\"section\" data-settings=\"{&quot;background_background&quot;:&quot;classic&quot;}\">\n\t\t\t\t\t\t\t<div class=\"elementor-background-overlay\"><\/div>\n\t\t\t\t\t\t\t<div class=\"elementor-container elementor-column-gap-default\">\n\t\t\t\t\t<div class=\"elementor-column elementor-col-100 elementor-top-column elementor-element elementor-element-be10890\" data-id=\"be10890\" data-element_type=\"column\" data-e-type=\"column\">\n\t\t\t<div class=\"elementor-widget-wrap elementor-element-populated\">\n\t\t\t\t\t\t<div class=\"elementor-element elementor-element-02500f6 elementor-widget elementor-widget-heading\" data-id=\"02500f6\" data-element_type=\"widget\" data-e-type=\"widget\" data-widget_type=\"heading.default\">\n\t\t\t\t<div class=\"elementor-widget-container\">\n\t\t\t\t\t<h1 class=\"elementor-heading-title elementor-size-default\">Artiste Peintre<\/h1>\t\t\t\t<\/div>\n\t\t\t\t<\/div>\n\t\t\t\t<div class=\"elementor-element elementor-element-0708f7f elementor-widget elementor-widget-heading\" data-id=\"0708f7f\" data-element_type=\"widget\" data-e-type=\"widget\" data-widget_type=\"heading.default\">\n\t\t\t\t<div class=\"elementor-widget-container\">\n\t\t\t\t\t<h1 class=\"elementor-heading-title elementor-size-default\">Jaap van der Wal<\/h1>\t\t\t\t<\/div>\n\t\t\t\t<\/div>\n\t\t\t\t\t<\/div>\n\t\t<\/div>\n\t\t\t\t\t<\/div>\n\t\t<\/section>\n\t\t\t\t<section class=\"elementor-section elementor-top-section elementor-element elementor-element-a9db749 elementor-section-boxed elementor-section-height-default elementor-section-height-default\" data-id=\"a9db749\" data-element_type=\"section\" data-e-type=\"section\">\n\t\t\t\t\t\t<div class=\"elementor-container elementor-column-gap-default\">\n\t\t\t\t\t<div class=\"elementor-column elementor-col-50 elementor-top-column elementor-element elementor-element-1c1ccec\" data-id=\"1c1ccec\" data-element_type=\"column\" data-e-type=\"column\">\n\t\t\t<div class=\"elementor-widget-wrap elementor-element-populated\">\n\t\t\t\t\t\t<div class=\"elementor-element elementor-element-ab6d2ba elementor-widget elementor-widget-heading\" data-id=\"ab6d2ba\" data-element_type=\"widget\" data-e-type=\"widget\" data-widget_type=\"heading.default\">\n\t\t\t\t<div class=\"elementor-widget-container\">\n\t\t\t\t\t<h2 class=\"elementor-heading-title elementor-size-default\">Jaap van der Wal est un artiste n\u00e9erlandais qui vit et travaille en France.<\/h2>\t\t\t\t<\/div>\n\t\t\t\t<\/div>\n\t\t\t\t<div class=\"elementor-element elementor-element-8bb139a elementor-widget elementor-widget-text-editor\" data-id=\"8bb139a\" data-element_type=\"widget\" data-e-type=\"widget\" data-widget_type=\"text-editor.default\">\n\t\t\t\t<div class=\"elementor-widget-container\">\n\t\t\t\t\t\t\t\t\t<div class=\"group w-full text-gray-800 dark:text-gray-100 border-b border-black\/10 dark:border-gray-900\/50 bg-gray-50 dark:bg-[#444654]\">\n<div class=\"text-base gap-4 md:gap-6 md:max-w-2xl lg:max-w-2xl xl:max-w-3xl p-4 md:py-6 flex lg:px-0 m-auto\">\n<div class=\"relative flex w-[calc(100%-50px)] flex-col gap-1 md:gap-3 lg:w-[calc(100%-115px)]\">\n<div class=\"flex flex-grow flex-col gap-3\">\n<div class=\"min-h-[20px] flex flex-col items-start gap-4 whitespace-pre-wrap\">\n<div class=\"markdown prose w-full break-words dark:prose-invert light\">\n<p>Il a \u00e9tudi\u00e9 \u00e0 l&rsquo;Acad\u00e9mie royale des arts de La Haye. <span style=\"font-style: inherit;\">Depuis 2004, il vit et travaille en France, o\u00f9 il puise son inspiration dans la nature. <\/span><span style=\"font-style: inherit;\">L&rsquo;art de Van der Wal est une exploration po\u00e9tique de la relation entre l&rsquo;exp\u00e9rience humaine et le monde naturel, jouant avec les couleurs, la lumi\u00e8re, les textures et les formes. <\/span><span style=\"font-style: inherit;\">Son travail ne se concentre pas sur la r\u00e9alit\u00e9 d&rsquo;un paysage, mais sur son essence et son exp\u00e9rience.<\/span><\/p>\n<p><span style=\"font-style: inherit;\">&nbsp;<\/span><\/p>\n<p>Van der Wal expose r\u00e9guli\u00e8rement en France et aux Pays-Bas.<\/p>\n<p><br><\/p>\n<\/div>\n<\/div>\n<\/div>\n<\/div>\n<\/div>\n<\/div>\t\t\t\t\t\t\t\t<\/div>\n\t\t\t\t<\/div>\n\t\t\t\t<div class=\"elementor-element elementor-element-2ffaa37 elementor-widget elementor-widget-spacer\" data-id=\"2ffaa37\" data-element_type=\"widget\" data-e-type=\"widget\" data-widget_type=\"spacer.default\">\n\t\t\t\t<div class=\"elementor-widget-container\">\n\t\t\t\t\t\t\t<div class=\"elementor-spacer\">\n\t\t\t<div class=\"elementor-spacer-inner\"><\/div>\n\t\t<\/div>\n\t\t\t\t\t\t<\/div>\n\t\t\t\t<\/div>\n\t\t\t\t\t<\/div>\n\t\t<\/div>\n\t\t\t\t<div class=\"elementor-column elementor-col-50 elementor-top-column elementor-element elementor-element-2a302e0\" data-id=\"2a302e0\" data-element_type=\"column\" data-e-type=\"column\">\n\t\t\t<div class=\"elementor-widget-wrap elementor-element-populated\">\n\t\t\t\t\t\t<div class=\"elementor-element elementor-element-eb071e3 elementor-widget elementor-widget-spacer\" data-id=\"eb071e3\" data-element_type=\"widget\" data-e-type=\"widget\" data-widget_type=\"spacer.default\">\n\t\t\t\t<div class=\"elementor-widget-container\">\n\t\t\t\t\t\t\t<div class=\"elementor-spacer\">\n\t\t\t<div class=\"elementor-spacer-inner\"><\/div>\n\t\t<\/div>\n\t\t\t\t\t\t<\/div>\n\t\t\t\t<\/div>\n\t\t\t\t<div class=\"elementor-element elementor-element-b81146f elementor-pagination-position-outside elementor-widget elementor-widget-image-carousel\" data-id=\"b81146f\" data-element_type=\"widget\" data-e-type=\"widget\" data-settings=\"{&quot;slides_to_show&quot;:&quot;1&quot;,&quot;navigation&quot;:&quot;dots&quot;,&quot;lazyload&quot;:&quot;yes&quot;,&quot;effect&quot;:&quot;fade&quot;,&quot;speed&quot;:386,&quot;autoplay_speed&quot;:4347,&quot;autoplay&quot;:&quot;yes&quot;,&quot;pause_on_hover&quot;:&quot;yes&quot;,&quot;pause_on_interaction&quot;:&quot;yes&quot;,&quot;infinite&quot;:&quot;yes&quot;}\" data-widget_type=\"image-carousel.default\">\n\t\t\t\t<div class=\"elementor-widget-container\">\n\t\t\t\t\t\t\t<div class=\"elementor-image-carousel-wrapper swiper\" role=\"region\" aria-roledescription=\"carousel\" aria-label=\"Afbeelding carrousel\" dir=\"ltr\">\n\t\t\t<div class=\"elementor-image-carousel swiper-wrapper\" aria-live=\"off\">\n\t\t\t\t\t\t\t\t<div class=\"swiper-slide\" role=\"group\" aria-roledescription=\"slide\" aria-label=\"1 sur 21\"><figure class=\"swiper-slide-inner\"><img class=\"swiper-slide-image swiper-lazy\" data-src=\"https:\/\/www.jaapvanderwal.fr\/wp-content\/uploads\/2024\/07\/30072024-768x580.jpeg\" alt=\"30:07:2024\" \/><div class=\"swiper-lazy-preloader\"><\/div><\/figure><\/div><div class=\"swiper-slide\" role=\"group\" aria-roledescription=\"slide\" aria-label=\"2 sur 21\"><figure class=\"swiper-slide-inner\"><img class=\"swiper-slide-image swiper-lazy\" data-src=\"https:\/\/www.jaapvanderwal.fr\/wp-content\/uploads\/2024\/07\/22072024-768x595.jpeg\" alt=\"22:07:2024\" \/><div class=\"swiper-lazy-preloader\"><\/div><\/figure><\/div><div class=\"swiper-slide\" role=\"group\" aria-roledescription=\"slide\" aria-label=\"3 sur 21\"><figure class=\"swiper-slide-inner\"><img class=\"swiper-slide-image swiper-lazy\" data-src=\"https:\/\/www.jaapvanderwal.fr\/wp-content\/uploads\/2024\/07\/18072024-768x561.jpeg\" alt=\"18:07:2024\" \/><div class=\"swiper-lazy-preloader\"><\/div><\/figure><\/div><div class=\"swiper-slide\" role=\"group\" aria-roledescription=\"slide\" aria-label=\"4 sur 21\"><figure class=\"swiper-slide-inner\"><img class=\"swiper-slide-image swiper-lazy\" data-src=\"https:\/\/www.jaapvanderwal.fr\/wp-content\/uploads\/2024\/07\/06072024-768x565.jpeg\" alt=\"06:07:2024\" \/><div class=\"swiper-lazy-preloader\"><\/div><\/figure><\/div><div class=\"swiper-slide\" role=\"group\" aria-roledescription=\"slide\" aria-label=\"5 sur 21\"><figure class=\"swiper-slide-inner\"><img class=\"swiper-slide-image swiper-lazy\" data-src=\"https:\/\/www.jaapvanderwal.fr\/wp-content\/uploads\/2024\/07\/27062024-768x564.jpeg\" alt=\"27:06:2024\" \/><div class=\"swiper-lazy-preloader\"><\/div><\/figure><\/div><div class=\"swiper-slide\" role=\"group\" aria-roledescription=\"slide\" aria-label=\"6 sur 21\"><figure class=\"swiper-slide-inner\"><img class=\"swiper-slide-image swiper-lazy\" data-src=\"https:\/\/www.jaapvanderwal.fr\/wp-content\/uploads\/2024\/06\/20062024-768x564.jpeg\" alt=\"20:06:2024\" \/><div class=\"swiper-lazy-preloader\"><\/div><\/figure><\/div><div class=\"swiper-slide\" role=\"group\" aria-roledescription=\"slide\" aria-label=\"7 sur 21\"><figure class=\"swiper-slide-inner\"><img class=\"swiper-slide-image swiper-lazy\" data-src=\"https:\/\/www.jaapvanderwal.fr\/wp-content\/uploads\/2024\/06\/12062024-768x555.jpeg\" alt=\"12:06:2024\" \/><div class=\"swiper-lazy-preloader\"><\/div><\/figure><\/div><div class=\"swiper-slide\" role=\"group\" aria-roledescription=\"slide\" aria-label=\"8 sur 21\"><figure class=\"swiper-slide-inner\"><img class=\"swiper-slide-image swiper-lazy\" data-src=\"https:\/\/www.jaapvanderwal.fr\/wp-content\/uploads\/2024\/06\/01062024-768x559.jpeg\" alt=\"01:06:2024\" \/><div class=\"swiper-lazy-preloader\"><\/div><\/figure><\/div><div class=\"swiper-slide\" role=\"group\" aria-roledescription=\"slide\" aria-label=\"9 sur 21\"><figure class=\"swiper-slide-inner\"><img class=\"swiper-slide-image swiper-lazy\" data-src=\"https:\/\/www.jaapvanderwal.fr\/wp-content\/uploads\/2024\/05\/25052024-768x574.jpeg\" alt=\"25:05:2024\" \/><div class=\"swiper-lazy-preloader\"><\/div><\/figure><\/div><div class=\"swiper-slide\" role=\"group\" aria-roledescription=\"slide\" aria-label=\"10 sur 21\"><figure class=\"swiper-slide-inner\"><img class=\"swiper-slide-image swiper-lazy\" data-src=\"https:\/\/www.jaapvanderwal.fr\/wp-content\/uploads\/2024\/05\/19052024-768x575.jpeg\" alt=\"19:05:2024\" \/><div class=\"swiper-lazy-preloader\"><\/div><\/figure><\/div><div class=\"swiper-slide\" role=\"group\" aria-roledescription=\"slide\" aria-label=\"11 sur 21\"><figure class=\"swiper-slide-inner\"><img class=\"swiper-slide-image swiper-lazy\" data-src=\"https:\/\/www.jaapvanderwal.fr\/wp-content\/uploads\/2024\/05\/13052024-768x554.jpeg\" alt=\"13:05:2024\" \/><div class=\"swiper-lazy-preloader\"><\/div><\/figure><\/div><div class=\"swiper-slide\" role=\"group\" aria-roledescription=\"slide\" aria-label=\"12 sur 21\"><figure class=\"swiper-slide-inner\"><img class=\"swiper-slide-image swiper-lazy\" data-src=\"https:\/\/www.jaapvanderwal.fr\/wp-content\/uploads\/2024\/05\/09052024-768x563.jpeg\" alt=\"09:05:2024\" \/><div class=\"swiper-lazy-preloader\"><\/div><\/figure><\/div><div class=\"swiper-slide\" role=\"group\" aria-roledescription=\"slide\" aria-label=\"13 sur 21\"><figure class=\"swiper-slide-inner\"><img class=\"swiper-slide-image swiper-lazy\" data-src=\"https:\/\/www.jaapvanderwal.fr\/wp-content\/uploads\/2024\/05\/04052024-768x535.jpeg\" alt=\"04:05:2024\" \/><div class=\"swiper-lazy-preloader\"><\/div><\/figure><\/div><div class=\"swiper-slide\" role=\"group\" aria-roledescription=\"slide\" aria-label=\"14 sur 21\"><figure class=\"swiper-slide-inner\"><img class=\"swiper-slide-image swiper-lazy\" data-src=\"https:\/\/www.jaapvanderwal.fr\/wp-content\/uploads\/2024\/04\/26042024-768x565.jpeg\" alt=\"26:04:2024\" \/><div class=\"swiper-lazy-preloader\"><\/div><\/figure><\/div><div class=\"swiper-slide\" role=\"group\" aria-roledescription=\"slide\" aria-label=\"15 sur 21\"><figure class=\"swiper-slide-inner\"><img class=\"swiper-slide-image swiper-lazy\" data-src=\"https:\/\/www.jaapvanderwal.fr\/wp-content\/uploads\/2024\/04\/22042024-768x561.jpeg\" alt=\"22:04:2024\" \/><div class=\"swiper-lazy-preloader\"><\/div><\/figure><\/div><div class=\"swiper-slide\" role=\"group\" aria-roledescription=\"slide\" aria-label=\"16 sur 21\"><figure class=\"swiper-slide-inner\"><img class=\"swiper-slide-image swiper-lazy\" data-src=\"https:\/\/www.jaapvanderwal.fr\/wp-content\/uploads\/2024\/04\/17042024-768x550.jpeg\" alt=\"17:04:2024\" \/><div class=\"swiper-lazy-preloader\"><\/div><\/figure><\/div><div class=\"swiper-slide\" role=\"group\" aria-roledescription=\"slide\" aria-label=\"17 sur 21\"><figure class=\"swiper-slide-inner\"><img class=\"swiper-slide-image swiper-lazy\" data-src=\"https:\/\/www.jaapvanderwal.fr\/wp-content\/uploads\/2024\/04\/11042024-768x575.jpeg\" alt=\"11:04:2024\" \/><div class=\"swiper-lazy-preloader\"><\/div><\/figure><\/div><div class=\"swiper-slide\" role=\"group\" aria-roledescription=\"slide\" aria-label=\"18 sur 21\"><figure class=\"swiper-slide-inner\"><img class=\"swiper-slide-image swiper-lazy\" data-src=\"https:\/\/www.jaapvanderwal.fr\/wp-content\/uploads\/2024\/04\/12042024-768x583.jpeg\" alt=\"12:04:2024\" \/><div class=\"swiper-lazy-preloader\"><\/div><\/figure><\/div><div class=\"swiper-slide\" role=\"group\" aria-roledescription=\"slide\" aria-label=\"19 sur 21\"><figure class=\"swiper-slide-inner\"><img class=\"swiper-slide-image swiper-lazy\" data-src=\"https:\/\/www.jaapvanderwal.fr\/wp-content\/uploads\/2024\/10\/24102024-768x587.jpeg\" alt=\"24:10:2024\" \/><div class=\"swiper-lazy-preloader\"><\/div><\/figure><\/div><div class=\"swiper-slide\" role=\"group\" aria-roledescription=\"slide\" aria-label=\"20 sur 21\"><figure class=\"swiper-slide-inner\"><img class=\"swiper-slide-image swiper-lazy\" data-src=\"https:\/\/www.jaapvanderwal.fr\/wp-content\/uploads\/2024\/10\/13102024-768x566.jpeg\" alt=\"13:10:2024\" \/><div class=\"swiper-lazy-preloader\"><\/div><\/figure><\/div><div class=\"swiper-slide\" role=\"group\" aria-roledescription=\"slide\" aria-label=\"21 sur 21\"><figure class=\"swiper-slide-inner\"><img class=\"swiper-slide-image swiper-lazy\" data-src=\"https:\/\/www.jaapvanderwal.fr\/wp-content\/uploads\/2024\/10\/12102024-768x588.jpeg\" alt=\"12:10:2024\" \/><div class=\"swiper-lazy-preloader\"><\/div><\/figure><\/div>\t\t\t<\/div>\n\t\t\t\t\t\t\t\n\t\t\t\t\t\t\t\t\t<div class=\"swiper-pagination\"><\/div>\n\t\t\t\t\t\t\t\t\t<\/div>\n\t\t\t\t\t\t<\/div>\n\t\t\t\t<\/div>\n\t\t\t\t\t<\/div>\n\t\t<\/div>\n\t\t\t\t\t<\/div>\n\t\t<\/section>\n\t\t\t\t<\/div>\n\t\t","protected":false},"excerpt":{"rendered":"<p>Artiste Peintre Jaap van der Wal Jaap van der Wal est un artiste n\u00e9erlandais qui vit et travaille en France. Il a \u00e9tudi\u00e9 \u00e0 l&rsquo;Acad\u00e9mie royale des arts de La Haye. Depuis 2004, il vit et travaille en France, o\u00f9 il puise son inspiration dans la nature. L&rsquo;art de Van der Wal est une exploration [&hellip;]<\/p>\n","protected":false},"author":1,"featured_media":2867,"parent":0,"menu_order":0,"comment_status":"closed","ping_status":"closed","template":"","meta":{"site-sidebar-layout":"no-sidebar","site-content-layout":"page-builder","ast-site-content-layout":"default","site-content-style":"default","site-sidebar-style":"default","ast-global-header-display":"","ast-banner-title-visibility":"","ast-main-header-display":"","ast-hfb-above-header-display":"","ast-hfb-below-header-display":"","ast-hfb-mobile-header-display":"","site-post-title":"disabled","ast-breadcrumbs-content":"","ast-featured-img":"disabled","footer-sml-layout":"","ast-disable-related-posts":"","theme-transparent-header-meta":"enabled","adv-header-id-meta":"","stick-header-meta":"","header-above-stick-meta":"","header-main-stick-meta":"","header-below-stick-meta":"","astra-migrate-meta-layouts":"default","ast-page-background-enabled":"default","ast-page-background-meta":{"desktop":{"background-color":"var(--ast-global-color-4)","background-image":"","background-repeat":"repeat","background-position":"center center","background-size":"auto","background-attachment":"scroll","background-type":"","background-media":"","overlay-type":"","overlay-color":"","overlay-opacity":"","overlay-gradient":""},"tablet":{"background-color":"","background-image":"","background-repeat":"repeat","background-position":"center center","background-size":"auto","background-attachment":"scroll","background-type":"","background-media":"","overlay-type":"","overlay-color":"","overlay-opacity":"","overlay-gradient":""},"mobile":{"background-color":"","background-image":"","background-repeat":"repeat","background-position":"center center","background-size":"auto","background-attachment":"scroll","background-type":"","background-media":"","overlay-type":"","overlay-color":"","overlay-opacity":"","overlay-gradient":""}},"ast-content-background-meta":{"desktop":{"background-color":"var(--ast-global-color-5)","background-image":"","background-repeat":"repeat","background-position":"center center","background-size":"auto","background-attachment":"scroll","background-type":"","background-media":"","overlay-type":"","overlay-color":"","overlay-opacity":"","overlay-gradient":""},"tablet":{"background-color":"var(--ast-global-color-5)","background-image":"","background-repeat":"repeat","background-position":"center center","background-size":"auto","background-attachment":"scroll","background-type":"","background-media":"","overlay-type":"","overlay-color":"","overlay-opacity":"","overlay-gradient":""},"mobile":{"background-color":"var(--ast-global-color-5)","background-image":"","background-repeat":"repeat","background-position":"center center","background-size":"auto","background-attachment":"scroll","background-type":"","background-media":"","overlay-type":"","overlay-color":"","overlay-opacity":"","overlay-gradient":""}},"footnotes":""},"class_list":["post-2993","page","type-page","status-publish","has-post-thumbnail","hentry"],"yoast_head":"<!-- This site is optimized with the Yoast SEO plugin v27.3 - https:\/\/yoast.com\/product\/yoast-seo-wordpress\/ -->\n<title>Accueil - Jaap van der Wal<\/title>\n<meta name=\"description\" content=\"Jaap van der Wal est un artiste n\u00e9erlandais qui vit et travaille en France. Il a \u00e9tudi\u00e9 \u00e0 l&#039;Acad\u00e9mie royale des beaux-arts.\" \/>\n<meta name=\"robots\" content=\"index, follow, max-snippet:-1, max-image-preview:large, max-video-preview:-1\" \/>\n<link rel=\"canonical\" href=\"https:\/\/www.jaapvanderwal.fr\/fr\/\" \/>\n<meta property=\"og:locale\" content=\"fr_FR\" \/>\n<meta property=\"og:type\" content=\"article\" \/>\n<meta property=\"og:title\" content=\"Accueil - Jaap van der Wal\" \/>\n<meta property=\"og:description\" content=\"Jaap van der Wal est un artiste n\u00e9erlandais qui vit et travaille en France. Il a \u00e9tudi\u00e9 \u00e0 l&#039;Acad\u00e9mie royale des beaux-arts.\" \/>\n<meta property=\"og:url\" content=\"https:\/\/www.jaapvanderwal.fr\/fr\/\" \/>\n<meta property=\"og:site_name\" content=\"Jaap van der Wal\" \/>\n<meta property=\"article:modified_time\" content=\"2026-01-27T10:43:20+00:00\" \/>\n<meta property=\"og:image\" content=\"https:\/\/www.jaapvanderwal.fr\/wp-content\/uploads\/2023\/04\/IMG_1341.jpg\" \/>\n\t<meta property=\"og:image:width\" content=\"640\" \/>\n\t<meta property=\"og:image:height\" content=\"413\" \/>\n\t<meta property=\"og:image:type\" content=\"image\/jpeg\" \/>\n<meta name=\"twitter:card\" content=\"summary_large_image\" \/>\n<meta name=\"twitter:label1\" content=\"Dur\u00e9e de lecture estim\u00e9e\" \/>\n\t<meta name=\"twitter:data1\" content=\"6 minutes\" \/>\n<script type=\"application\/ld+json\" class=\"yoast-schema-graph\">{\"@context\":\"https:\\\/\\\/schema.org\",\"@graph\":[{\"@type\":\"WebPage\",\"@id\":\"https:\\\/\\\/www.jaapvanderwal.fr\\\/fr\\\/\",\"url\":\"https:\\\/\\\/www.jaapvanderwal.fr\\\/fr\\\/\",\"name\":\"Accueil - Jaap van der Wal\",\"isPartOf\":{\"@id\":\"https:\\\/\\\/www.jaapvanderwal.fr\\\/fr\\\/#website\"},\"primaryImageOfPage\":{\"@id\":\"https:\\\/\\\/www.jaapvanderwal.fr\\\/fr\\\/#primaryimage\"},\"image\":{\"@id\":\"https:\\\/\\\/www.jaapvanderwal.fr\\\/fr\\\/#primaryimage\"},\"thumbnailUrl\":\"https:\\\/\\\/www.jaapvanderwal.fr\\\/wp-content\\\/uploads\\\/2023\\\/04\\\/IMG_1341.jpg\",\"datePublished\":\"2021-11-21T14:12:46+00:00\",\"dateModified\":\"2026-01-27T10:43:20+00:00\",\"description\":\"Jaap van der Wal est un artiste n\u00e9erlandais qui vit et travaille en France. Il a \u00e9tudi\u00e9 \u00e0 l'Acad\u00e9mie royale des beaux-arts.\",\"breadcrumb\":{\"@id\":\"https:\\\/\\\/www.jaapvanderwal.fr\\\/fr\\\/#breadcrumb\"},\"inLanguage\":\"fr-FR\",\"potentialAction\":[{\"@type\":\"ReadAction\",\"target\":[\"https:\\\/\\\/www.jaapvanderwal.fr\\\/fr\\\/\"]}]},{\"@type\":\"ImageObject\",\"inLanguage\":\"fr-FR\",\"@id\":\"https:\\\/\\\/www.jaapvanderwal.fr\\\/fr\\\/#primaryimage\",\"url\":\"https:\\\/\\\/www.jaapvanderwal.fr\\\/wp-content\\\/uploads\\\/2023\\\/04\\\/IMG_1341.jpg\",\"contentUrl\":\"https:\\\/\\\/www.jaapvanderwal.fr\\\/wp-content\\\/uploads\\\/2023\\\/04\\\/IMG_1341.jpg\",\"width\":640,\"height\":413},{\"@type\":\"BreadcrumbList\",\"@id\":\"https:\\\/\\\/www.jaapvanderwal.fr\\\/fr\\\/#breadcrumb\",\"itemListElement\":[{\"@type\":\"ListItem\",\"position\":1,\"name\":\"Home\",\"item\":\"https:\\\/\\\/www.jaapvanderwal.fr\\\/fr\\\/accueil\\\/\"},{\"@type\":\"ListItem\",\"position\":2,\"name\":\"Accueil\"}]},{\"@type\":\"WebSite\",\"@id\":\"https:\\\/\\\/www.jaapvanderwal.fr\\\/fr\\\/#website\",\"url\":\"https:\\\/\\\/www.jaapvanderwal.fr\\\/fr\\\/\",\"name\":\"Jaap van der Wal\",\"description\":\"Beeldend kunstenaar\",\"potentialAction\":[{\"@type\":\"SearchAction\",\"target\":{\"@type\":\"EntryPoint\",\"urlTemplate\":\"https:\\\/\\\/www.jaapvanderwal.fr\\\/fr\\\/?s={search_term_string}\"},\"query-input\":{\"@type\":\"PropertyValueSpecification\",\"valueRequired\":true,\"valueName\":\"search_term_string\"}}],\"inLanguage\":\"fr-FR\"}]}<\/script>\n<!-- \/ Yoast SEO plugin. -->","yoast_head_json":{"title":"Accueil - Jaap van der Wal","description":"Jaap van der Wal est un artiste n\u00e9erlandais qui vit et travaille en France. Il a \u00e9tudi\u00e9 \u00e0 l'Acad\u00e9mie royale des beaux-arts.","robots":{"index":"index","follow":"follow","max-snippet":"max-snippet:-1","max-image-preview":"max-image-preview:large","max-video-preview":"max-video-preview:-1"},"canonical":"https:\/\/www.jaapvanderwal.fr\/fr\/","og_locale":"fr_FR","og_type":"article","og_title":"Accueil - Jaap van der Wal","og_description":"Jaap van der Wal est un artiste n\u00e9erlandais qui vit et travaille en France. Il a \u00e9tudi\u00e9 \u00e0 l'Acad\u00e9mie royale des beaux-arts.","og_url":"https:\/\/www.jaapvanderwal.fr\/fr\/","og_site_name":"Jaap van der Wal","article_modified_time":"2026-01-27T10:43:20+00:00","og_image":[{"width":640,"height":413,"url":"https:\/\/www.jaapvanderwal.fr\/wp-content\/uploads\/2023\/04\/IMG_1341.jpg","type":"image\/jpeg"}],"twitter_card":"summary_large_image","twitter_misc":{"Dur\u00e9e de lecture estim\u00e9e":"6 minutes"},"schema":{"@context":"https:\/\/schema.org","@graph":[{"@type":"WebPage","@id":"https:\/\/www.jaapvanderwal.fr\/fr\/","url":"https:\/\/www.jaapvanderwal.fr\/fr\/","name":"Accueil - Jaap van der Wal","isPartOf":{"@id":"https:\/\/www.jaapvanderwal.fr\/fr\/#website"},"primaryImageOfPage":{"@id":"https:\/\/www.jaapvanderwal.fr\/fr\/#primaryimage"},"image":{"@id":"https:\/\/www.jaapvanderwal.fr\/fr\/#primaryimage"},"thumbnailUrl":"https:\/\/www.jaapvanderwal.fr\/wp-content\/uploads\/2023\/04\/IMG_1341.jpg","datePublished":"2021-11-21T14:12:46+00:00","dateModified":"2026-01-27T10:43:20+00:00","description":"Jaap van der Wal est un artiste n\u00e9erlandais qui vit et travaille en France. Il a \u00e9tudi\u00e9 \u00e0 l'Acad\u00e9mie royale des beaux-arts.","breadcrumb":{"@id":"https:\/\/www.jaapvanderwal.fr\/fr\/#breadcrumb"},"inLanguage":"fr-FR","potentialAction":[{"@type":"ReadAction","target":["https:\/\/www.jaapvanderwal.fr\/fr\/"]}]},{"@type":"ImageObject","inLanguage":"fr-FR","@id":"https:\/\/www.jaapvanderwal.fr\/fr\/#primaryimage","url":"https:\/\/www.jaapvanderwal.fr\/wp-content\/uploads\/2023\/04\/IMG_1341.jpg","contentUrl":"https:\/\/www.jaapvanderwal.fr\/wp-content\/uploads\/2023\/04\/IMG_1341.jpg","width":640,"height":413},{"@type":"BreadcrumbList","@id":"https:\/\/www.jaapvanderwal.fr\/fr\/#breadcrumb","itemListElement":[{"@type":"ListItem","position":1,"name":"Home","item":"https:\/\/www.jaapvanderwal.fr\/fr\/accueil\/"},{"@type":"ListItem","position":2,"name":"Accueil"}]},{"@type":"WebSite","@id":"https:\/\/www.jaapvanderwal.fr\/fr\/#website","url":"https:\/\/www.jaapvanderwal.fr\/fr\/","name":"Jaap van der Wal","description":"Beeldend kunstenaar","potentialAction":[{"@type":"SearchAction","target":{"@type":"EntryPoint","urlTemplate":"https:\/\/www.jaapvanderwal.fr\/fr\/?s={search_term_string}"},"query-input":{"@type":"PropertyValueSpecification","valueRequired":true,"valueName":"search_term_string"}}],"inLanguage":"fr-FR"}]}},"_links":{"self":[{"href":"https:\/\/www.jaapvanderwal.fr\/fr\/wp-json\/wp\/v2\/pages\/2993","targetHints":{"allow":["GET"]}}],"collection":[{"href":"https:\/\/www.jaapvanderwal.fr\/fr\/wp-json\/wp\/v2\/pages"}],"about":[{"href":"https:\/\/www.jaapvanderwal.fr\/fr\/wp-json\/wp\/v2\/types\/page"}],"author":[{"embeddable":true,"href":"https:\/\/www.jaapvanderwal.fr\/fr\/wp-json\/wp\/v2\/users\/1"}],"replies":[{"embeddable":true,"href":"https:\/\/www.jaapvanderwal.fr\/fr\/wp-json\/wp\/v2\/comments?post=2993"}],"version-history":[{"count":16,"href":"https:\/\/www.jaapvanderwal.fr\/fr\/wp-json\/wp\/v2\/pages\/2993\/revisions"}],"predecessor-version":[{"id":9255,"href":"https:\/\/www.jaapvanderwal.fr\/fr\/wp-json\/wp\/v2\/pages\/2993\/revisions\/9255"}],"wp:featuredmedia":[{"embeddable":true,"href":"https:\/\/www.jaapvanderwal.fr\/fr\/wp-json\/wp\/v2\/media\/2867"}],"wp:attachment":[{"href":"https:\/\/www.jaapvanderwal.fr\/fr\/wp-json\/wp\/v2\/media?parent=2993"}],"curies":[{"name":"wp","href":"https:\/\/api.w.org\/{rel}","templated":true}]}}